{"id":580,"date":"2021-10-26T00:32:23","date_gmt":"2021-10-26T00:32:23","guid":{"rendered":"http:\/\/ciclasustentable.com.ar\/?page_id=580"},"modified":"2024-01-09T17:21:10","modified_gmt":"2024-01-09T20:21:10","slug":"javier-garcia-espil","status":"publish","type":"page","link":"https:\/\/ciclasustentable.com.ar\/en-en\/javier-garcia-espil\/","title":{"rendered":"Javier Garc\u00eda Espil"},"content":{"rendered":"<p><img width=\"635\" height=\"625\" src=\"http:\/\/ciclasustentable.com.ar\/wp-content\/uploads\/2021\/10\/WhatsApp-Image-2021-10-15-at-16.07.48-2.jpeg\" alt=\"\" loading=\"lazy\"><\/p>\n<h2>Javier Garc\u00eda Espil<\/h2>\n<p><a href=\"http:\/\/linkedin.com\/in\/javier-garc%C3%ADa-espil-11704662\"><br \/>\n<\/a><\/p>\n<p>Abogado, especializado en administraci\u00f3n y pol\u00edticas p\u00fablicas. Es consultor en gobernanza ambiental y desarrollo sustentable, con experiencia en el Poder Legislativo, Poder Ejecutivo, organismos de control y organizaciones de la sociedad civil. Es profesor invitado de Derecho Ambiental y R\u00e9gimen Jur\u00eddico de los Recursos Naturales en la Universidad de Buenos Aires. Fue Director Nacional de Gesti\u00f3n Ambiental del Agua y los Ecosistemas Acu\u00e1ticos del Ministerio de Ambiente y Desarrollo Sustentable de Argentina, integrante del Consejo Federal Pesquero, Autoridad Administrativa de la Convenci\u00f3n sobre el Comercio Internacional de Especies Amenazadas de Fauna y Flora Silvestres (CITES), Punto Focal de la Convenci\u00f3n sobre los Humedales (Ramsar), Director de la Red de Evaluaci\u00f3n y Monitoreo de Ecosistemas (REM.AQUA) y responsable del Atlas de Glaciares de Argentina. Previamente, desde la Defensor\u00eda del Pueblo de la Naci\u00f3n coordin\u00f3 el Cuerpo Colegiado creado por la Corte Suprema de Justicia de la Naci\u00f3n para monitorear la Causa Riachuelo, y se desempe\u00f1\u00f3 en la Fundaci\u00f3n Ambiente y Recursos Naturales (FARN) abordando diversos conflictos ambientales y de derechos humanos.<\/p>\n","protected":false},"excerpt":{"rendered":"<p>Javier Garc\u00eda Espil Abogado, especializado en administraci\u00f3n y pol\u00edticas p\u00fablicas. Es consultor en gobernanza ambiental y desarrollo sustentable, con experiencia en el Poder Legislativo, Poder Ejecutivo, organismos de control y organizaciones de la sociedad civil. Es profesor invitado de Derecho Ambiental y R\u00e9gimen Jur\u00eddico de los Recursos Naturales en la Universidad de Buenos Aires. Fue &hellip;<\/p>\n<p class=\"read-more\"> <a class=\"\" href=\"https:\/\/ciclasustentable.com.ar\/en-en\/javier-garcia-espil\/\"> <span class=\"screen-reader-text\">Javier Garc\u00eda Espil<\/span> Leer m\u00e1s &raquo;<\/a><\/p>\n","protected":false},"author":4,"featured_media":0,"parent":0,"menu_order":0,"comment_status":"closed","ping_status":"closed","template":"","meta":[],"_links":{"self":[{"href":"https:\/\/ciclasustentable.com.ar\/en-en\/wp-json\/wp\/v2\/pages\/580"}],"collection":[{"href":"https:\/\/ciclasustentable.com.ar\/en-en\/wp-json\/wp\/v2\/pages"}],"about":[{"href":"https:\/\/ciclasustentable.com.ar\/en-en\/wp-json\/wp\/v2\/types\/page"}],"author":[{"embeddable":true,"href":"https:\/\/ciclasustentable.com.ar\/en-en\/wp-json\/wp\/v2\/users\/4"}],"replies":[{"embeddable":true,"href":"https:\/\/ciclasustentable.com.ar\/en-en\/wp-json\/wp\/v2\/comments?post=580"}],"version-history":[{"count":1,"href":"https:\/\/ciclasustentable.com.ar\/en-en\/wp-json\/wp\/v2\/pages\/580\/revisions"}],"predecessor-version":[{"id":952,"href":"https:\/\/ciclasustentable.com.ar\/en-en\/wp-json\/wp\/v2\/pages\/580\/revisions\/952"}],"wp:attachment":[{"href":"https:\/\/ciclasustentable.com.ar\/en-en\/wp-json\/wp\/v2\/media?parent=580"}],"curies":[{"name":"wp","href":"https:\/\/api.w.org\/{rel}","templated":true}]}}