{"id":581,"date":"2021-10-26T00:31:52","date_gmt":"2021-10-26T00:31:52","guid":{"rendered":"http:\/\/ciclasustentable.com.ar\/?page_id=581"},"modified":"2021-10-26T00:31:52","modified_gmt":"2021-10-26T00:31:52","slug":"andrea-georgina-frassetto","status":"publish","type":"page","link":"https:\/\/ciclasustentable.com.ar\/en-en\/andrea-georgina-frassetto\/","title":{"rendered":"Andrea Georgina Frassetto"},"content":{"rendered":"\t\t<div data-elementor-type=\"wp-page\" data-elementor-id=\"581\" class=\"elementor elementor-581\" data-elementor-settings=\"[]\">\n\t\t\t\t\t\t\t<div class=\"elementor-section-wrap\">\n\t\t\t\t\t\t\t<section class=\"elementor-section elementor-top-section elementor-element elementor-element-5b55126 elementor-section-full_width elementor-section-height-default elementor-section-height-default\" data-id=\"5b55126\" data-element_type=\"section\" data-settings=\"{&quot;background_background&quot;:&quot;classic&quot;}\">\n\t\t\t\t\t\t<div class=\"elementor-container elementor-column-gap-default\">\n\t\t\t\t\t<div class=\"elementor-column elementor-col-100 elementor-top-column elementor-element elementor-element-6b616ba\" data-id=\"6b616ba\" data-element_type=\"column\">\n\t\t\t<div class=\"elementor-widget-wrap elementor-element-populated\">\n\t\t\t\t\t\t\t\t<section class=\"elementor-section elementor-inner-section elementor-element elementor-element-a3d9260 anchor elementor-section-boxed elementor-section-height-default elementor-section-height-default\" data-id=\"a3d9260\" data-element_type=\"section\" id=\"Andrea\" data-settings=\"{&quot;background_background&quot;:&quot;classic&quot;}\">\n\t\t\t\t\t\t<div class=\"elementor-container elementor-column-gap-default\">\n\t\t\t\t\t<div class=\"elementor-column elementor-col-50 elementor-inner-column elementor-element elementor-element-1a6beb4\" data-id=\"1a6beb4\" data-element_type=\"column\">\n\t\t\t<div class=\"elementor-widget-wrap elementor-element-populated\">\n\t\t\t\t\t\t\t\t<div class=\"elementor-element elementor-element-a631803 elementor-widget elementor-widget-image\" data-id=\"a631803\" data-element_type=\"widget\" data-widget_type=\"image.default\">\n\t\t\t\t<div class=\"elementor-widget-container\">\n\t\t\t\t\t\t\t\t\t\t\t\t\t\t\t<img src=\"http:\/\/ciclasustentable.com.ar\/wp-content\/uploads\/2021\/10\/AF-2-scaled.jpg\" title=\"\" alt=\"\" \/>\t\t\t\t\t\t\t\t\t\t\t\t\t\t\t<\/div>\n\t\t\t\t<\/div>\n\t\t\t\t\t<\/div>\n\t\t<\/div>\n\t\t\t\t<div class=\"elementor-column elementor-col-50 elementor-inner-column elementor-element elementor-element-8a11b26\" data-id=\"8a11b26\" data-element_type=\"column\">\n\t\t\t<div class=\"elementor-widget-wrap elementor-element-populated\">\n\t\t\t\t\t\t\t\t<div class=\"elementor-element elementor-element-4398dcd elementor-widget__width-initial elementor-widget-mobile__width-initial elementor-widget elementor-widget-heading\" data-id=\"4398dcd\" data-element_type=\"widget\" data-widget_type=\"heading.default\">\n\t\t\t\t<div class=\"elementor-widget-container\">\n\t\t\t<h2 class=\"elementor-heading-title elementor-size-default\">Andrea Georgina Frassetto\n<\/h2>\t\t<\/div>\n\t\t\t\t<\/div>\n\t\t\t\t<div class=\"elementor-element elementor-element-1025b7b elementor-widget__width-initial elementor-widget-mobile__width-initial elementor-view-default elementor-widget elementor-widget-icon\" data-id=\"1025b7b\" data-element_type=\"widget\" data-widget_type=\"icon.default\">\n\t\t\t\t<div class=\"elementor-widget-container\">\n\t\t\t\t\t<div class=\"elementor-icon-wrapper\">\n\t\t\t<a class=\"elementor-icon\" href=\"http:\/\/linkedin.com\/in\/andrea-frassetto\">\n\t\t\t<i aria-hidden=\"true\" class=\"fab fa-linkedin-in\"><\/i>\t\t\t<\/a>\n\t\t<\/div>\n\t\t\t\t<\/div>\n\t\t\t\t<\/div>\n\t\t\t\t<div class=\"elementor-element elementor-element-168a1c8 elementor-widget elementor-widget-text-editor\" data-id=\"168a1c8\" data-element_type=\"widget\" data-widget_type=\"text-editor.default\">\n\t\t\t\t<div class=\"elementor-widget-container\">\n\t\t\t\t\t\t\t<p>Lic. en Geograf\u00eda (UBA). Cuenta con 20 a\u00f1os de experiencia en el \u00e1rea ambiental y desarrollo sustentable, en particular en la evaluaci\u00f3n y gesti\u00f3n ambiental y social de proyectos para diversos sectores, tanto desde la gesti\u00f3n p\u00fablica (poder ejecutivo), como el \u00e1mbito privado y la academia. <br \/>Fue Directora de Impacto Ambiental y Evaluaci\u00f3n Estrat\u00e9gica de la Secretar\u00eda de Gobierno de Ambiente y Desarrollo Sustentable de Argentina (2016-2019). Desde 2006 es docente de la C\u00e1tedra de Ecolog\u00eda y Biogeograf\u00eda de la carrera de Geograf\u00eda-UBA. Ha trabajado en consultor\u00edas para distintos organismos p\u00fablicos, numerosas empresas privadas nacionales y extranjeras, y organismos internacionales de cr\u00e9dito (Banco Mundial, BID). Particip\u00f3 en la elaboraci\u00f3n del Manual de Evaluaci\u00f3n y Gesti\u00f3n Ambiental de Obras Viales (MEGA II) de aplicaci\u00f3n en la Direcci\u00f3n Nacional de Vialidad de Argentina (2005-2007), en la actualizaci\u00f3n del Reglamento para la EIA en \u00e1reas de jurisdicci\u00f3n de la Administraci\u00f3n de Parques Nacionales de Argentina (2010-2012), as\u00ed como en la preparaci\u00f3n de numerosas gu\u00edas de buenas pr\u00e1cticas en EIA y EAE publicadas entre 2018 y 2019 por la Secretar\u00eda de Gobierno de Ambiente y Desarrollo Sustentable de Argentina.<\/p>\t\t\t\t\t\t<\/div>\n\t\t\t\t<\/div>\n\t\t\t\t\t<\/div>\n\t\t<\/div>\n\t\t\t\t\t\t\t<\/div>\n\t\t<\/section>\n\t\t\t\t\t<\/div>\n\t\t<\/div>\n\t\t\t\t\t\t\t<\/div>\n\t\t<\/section>\n\t\t\t\t\t\t<\/div>\n\t\t\t\t\t<\/div>\n\t\t","protected":false},"excerpt":{"rendered":"<p>Andrea Georgina Frassetto Lic. en Geograf\u00eda (UBA). Cuenta con 20 a\u00f1os de experiencia en el \u00e1rea ambiental y desarrollo sustentable, en particular en la evaluaci\u00f3n y gesti\u00f3n ambiental y social de proyectos para diversos sectores, tanto desde la gesti\u00f3n p\u00fablica (poder ejecutivo), como el \u00e1mbito privado y la academia. Fue Directora de Impacto Ambiental y &hellip;<\/p>\n<p class=\"read-more\"> <a class=\"\" href=\"https:\/\/ciclasustentable.com.ar\/en-en\/andrea-georgina-frassetto\/\"> <span class=\"screen-reader-text\">Andrea Georgina Frassetto<\/span> Leer m\u00e1s &raquo;<\/a><\/p>\n","protected":false},"author":4,"featured_media":0,"parent":0,"menu_order":0,"comment_status":"closed","ping_status":"closed","template":"","meta":[],"_links":{"self":[{"href":"https:\/\/ciclasustentable.com.ar\/en-en\/wp-json\/wp\/v2\/pages\/581"}],"collection":[{"href":"https:\/\/ciclasustentable.com.ar\/en-en\/wp-json\/wp\/v2\/pages"}],"about":[{"href":"https:\/\/ciclasustentable.com.ar\/en-en\/wp-json\/wp\/v2\/types\/page"}],"author":[{"embeddable":true,"href":"https:\/\/ciclasustentable.com.ar\/en-en\/wp-json\/wp\/v2\/users\/4"}],"replies":[{"embeddable":true,"href":"https:\/\/ciclasustentable.com.ar\/en-en\/wp-json\/wp\/v2\/comments?post=581"}],"version-history":[{"count":0,"href":"https:\/\/ciclasustentable.com.ar\/en-en\/wp-json\/wp\/v2\/pages\/581\/revisions"}],"wp:attachment":[{"href":"https:\/\/ciclasustentable.com.ar\/en-en\/wp-json\/wp\/v2\/media?parent=581"}],"curies":[{"name":"wp","href":"https:\/\/api.w.org\/{rel}","templated":true}]}}