{"id":582,"date":"2021-10-26T00:31:25","date_gmt":"2021-10-26T00:31:25","guid":{"rendered":"http:\/\/ciclasustentable.com.ar\/?page_id=582"},"modified":"2021-10-26T00:31:25","modified_gmt":"2021-10-26T00:31:25","slug":"maria-celeste-pinera","status":"publish","type":"page","link":"https:\/\/ciclasustentable.com.ar\/en-en\/maria-celeste-pinera\/","title":{"rendered":"Maria Celeste Pi\u00f1era"},"content":{"rendered":"\t\t<div data-elementor-type=\"wp-page\" data-elementor-id=\"582\" class=\"elementor elementor-582\" data-elementor-settings=\"[]\">\n\t\t\t\t\t\t\t<div class=\"elementor-section-wrap\">\n\t\t\t\t\t\t\t<section class=\"elementor-section elementor-top-section elementor-element elementor-element-5b55126 elementor-section-full_width elementor-section-height-default elementor-section-height-default\" data-id=\"5b55126\" data-element_type=\"section\" data-settings=\"{&quot;background_background&quot;:&quot;classic&quot;}\">\n\t\t\t\t\t\t<div class=\"elementor-container elementor-column-gap-default\">\n\t\t\t\t\t<div class=\"elementor-column elementor-col-100 elementor-top-column elementor-element elementor-element-6b616ba\" data-id=\"6b616ba\" data-element_type=\"column\">\n\t\t\t<div class=\"elementor-widget-wrap elementor-element-populated\">\n\t\t\t\t\t\t\t\t<section class=\"elementor-section elementor-inner-section elementor-element elementor-element-f31cc32 anchor elementor-section-boxed elementor-section-height-default elementor-section-height-default\" data-id=\"f31cc32\" data-element_type=\"section\" id=\"#Maria\" data-settings=\"{&quot;background_background&quot;:&quot;classic&quot;}\">\n\t\t\t\t\t\t<div class=\"elementor-container elementor-column-gap-default\">\n\t\t\t\t\t<div class=\"elementor-column elementor-col-50 elementor-inner-column elementor-element elementor-element-3e20cf9\" data-id=\"3e20cf9\" data-element_type=\"column\">\n\t\t\t<div class=\"elementor-widget-wrap elementor-element-populated\">\n\t\t\t\t\t\t\t\t<div class=\"elementor-element elementor-element-eb3a6c4 elementor-widget elementor-widget-image\" data-id=\"eb3a6c4\" data-element_type=\"widget\" data-widget_type=\"image.default\">\n\t\t\t\t<div class=\"elementor-widget-container\">\n\t\t\t\t\t\t\t\t\t\t\t\t\t\t\t<img src=\"http:\/\/ciclasustentable.com.ar\/wp-content\/uploads\/2021\/10\/Lele.jpeg\" title=\"\" alt=\"\" \/>\t\t\t\t\t\t\t\t\t\t\t\t\t\t\t<\/div>\n\t\t\t\t<\/div>\n\t\t\t\t\t<\/div>\n\t\t<\/div>\n\t\t\t\t<div class=\"elementor-column elementor-col-50 elementor-inner-column elementor-element elementor-element-5c6dc91\" data-id=\"5c6dc91\" data-element_type=\"column\">\n\t\t\t<div class=\"elementor-widget-wrap elementor-element-populated\">\n\t\t\t\t\t\t\t\t<div class=\"elementor-element elementor-element-1d4d395 elementor-widget__width-initial elementor-widget-mobile__width-initial elementor-widget elementor-widget-heading\" data-id=\"1d4d395\" data-element_type=\"widget\" data-widget_type=\"heading.default\">\n\t\t\t\t<div class=\"elementor-widget-container\">\n\t\t\t<h2 class=\"elementor-heading-title elementor-size-default\">Maria Celeste Pi\u00f1era<\/h2>\t\t<\/div>\n\t\t\t\t<\/div>\n\t\t\t\t<div class=\"elementor-element elementor-element-660fc44 elementor-widget__width-initial elementor-widget-mobile__width-initial elementor-view-default elementor-widget elementor-widget-icon\" data-id=\"660fc44\" data-element_type=\"widget\" data-widget_type=\"icon.default\">\n\t\t\t\t<div class=\"elementor-widget-container\">\n\t\t\t\t\t<div class=\"elementor-icon-wrapper\">\n\t\t\t<a class=\"elementor-icon\" href=\"http:\/\/linkedin.com\/in\/mariacelestepi%C3%B1era\">\n\t\t\t<i aria-hidden=\"true\" class=\"fab fa-linkedin-in\"><\/i>\t\t\t<\/a>\n\t\t<\/div>\n\t\t\t\t<\/div>\n\t\t\t\t<\/div>\n\t\t\t\t<div class=\"elementor-element elementor-element-ab2543a elementor-widget elementor-widget-text-editor\" data-id=\"ab2543a\" data-element_type=\"widget\" data-widget_type=\"text-editor.default\">\n\t\t\t\t<div class=\"elementor-widget-container\">\n\t\t\t\t\t\t\t<p>Polit\u00f3loga. Lic. en Relaciones Internacionales. Mg. en Gesti\u00f3n Ambiental. Consultora internacional y especialista en gesti\u00f3n de proyectos de ambiente, innovaci\u00f3n y educaci\u00f3n.<\/p><p>Fue Directora Nacional de Evaluaci\u00f3n Ambiental y Directora Nacional de Desarrollo Sustentable de la Naci\u00f3n en Argentina a cargo de todas las pol\u00edticas de Educaci\u00f3n Ambiental, Producci\u00f3n y Consumo Sustentable, Evaluaci\u00f3n Ambiental e Innovaci\u00f3n para el Desarrollo Sustentable. Tambi\u00e9n fue Coordinadora general del Programa de Educaci\u00f3n Ambiental \u00abEscuelas Verdes\u00bb del Ministerio de Educaci\u00f3n del Gobierno de la Ciudad de Buenos Aires, y ha trabajado como consultora en energ\u00edas renovables y educaci\u00f3n ambiental para el sector privado y no gubernamental.<\/p>\t\t\t\t\t\t<\/div>\n\t\t\t\t<\/div>\n\t\t\t\t\t<\/div>\n\t\t<\/div>\n\t\t\t\t\t\t\t<\/div>\n\t\t<\/section>\n\t\t\t\t\t<\/div>\n\t\t<\/div>\n\t\t\t\t\t\t\t<\/div>\n\t\t<\/section>\n\t\t\t\t\t\t<\/div>\n\t\t\t\t\t<\/div>\n\t\t","protected":false},"excerpt":{"rendered":"<p>Maria Celeste Pi\u00f1era Polit\u00f3loga. Lic. en Relaciones Internacionales. Mg. en Gesti\u00f3n Ambiental. Consultora internacional y especialista en gesti\u00f3n de proyectos de ambiente, innovaci\u00f3n y educaci\u00f3n. Fue Directora Nacional de Evaluaci\u00f3n Ambiental y Directora Nacional de Desarrollo Sustentable de la Naci\u00f3n en Argentina a cargo de todas las pol\u00edticas de Educaci\u00f3n Ambiental, Producci\u00f3n y Consumo Sustentable, &hellip;<\/p>\n<p class=\"read-more\"> <a class=\"\" href=\"https:\/\/ciclasustentable.com.ar\/en-en\/maria-celeste-pinera\/\"> <span class=\"screen-reader-text\">Maria Celeste Pi\u00f1era<\/span> Leer m\u00e1s &raquo;<\/a><\/p>\n","protected":false},"author":4,"featured_media":0,"parent":0,"menu_order":0,"comment_status":"closed","ping_status":"closed","template":"","meta":[],"_links":{"self":[{"href":"https:\/\/ciclasustentable.com.ar\/en-en\/wp-json\/wp\/v2\/pages\/582"}],"collection":[{"href":"https:\/\/ciclasustentable.com.ar\/en-en\/wp-json\/wp\/v2\/pages"}],"about":[{"href":"https:\/\/ciclasustentable.com.ar\/en-en\/wp-json\/wp\/v2\/types\/page"}],"author":[{"embeddable":true,"href":"https:\/\/ciclasustentable.com.ar\/en-en\/wp-json\/wp\/v2\/users\/4"}],"replies":[{"embeddable":true,"href":"https:\/\/ciclasustentable.com.ar\/en-en\/wp-json\/wp\/v2\/comments?post=582"}],"version-history":[{"count":0,"href":"https:\/\/ciclasustentable.com.ar\/en-en\/wp-json\/wp\/v2\/pages\/582\/revisions"}],"wp:attachment":[{"href":"https:\/\/ciclasustentable.com.ar\/en-en\/wp-json\/wp\/v2\/media?parent=582"}],"curies":[{"name":"wp","href":"https:\/\/api.w.org\/{rel}","templated":true}]}}