{"id":583,"date":"2021-10-26T00:33:08","date_gmt":"2021-10-26T00:33:08","guid":{"rendered":"http:\/\/ciclasustentable.com.ar\/?page_id=583"},"modified":"2021-10-26T00:33:08","modified_gmt":"2021-10-26T00:33:08","slug":"juan-pedro-cano","status":"publish","type":"page","link":"https:\/\/ciclasustentable.com.ar\/en-en\/juan-pedro-cano\/","title":{"rendered":"Juan Pedro Cano"},"content":{"rendered":"\t\t<div data-elementor-type=\"wp-page\" data-elementor-id=\"583\" class=\"elementor elementor-583\" data-elementor-settings=\"[]\">\n\t\t\t\t\t\t\t<div class=\"elementor-section-wrap\">\n\t\t\t\t\t\t\t<section class=\"elementor-section elementor-top-section elementor-element elementor-element-5b55126 elementor-section-full_width elementor-section-height-default elementor-section-height-default\" data-id=\"5b55126\" data-element_type=\"section\" data-settings=\"{&quot;background_background&quot;:&quot;classic&quot;}\">\n\t\t\t\t\t\t<div class=\"elementor-container elementor-column-gap-default\">\n\t\t\t\t\t<div class=\"elementor-column elementor-col-100 elementor-top-column elementor-element elementor-element-6b616ba\" data-id=\"6b616ba\" data-element_type=\"column\">\n\t\t\t<div class=\"elementor-widget-wrap elementor-element-populated\">\n\t\t\t\t\t\t\t\t<section class=\"elementor-section elementor-inner-section elementor-element elementor-element-48f9b73 anchor elementor-section-boxed elementor-section-height-default elementor-section-height-default\" data-id=\"48f9b73\" data-element_type=\"section\" id=\"Juan\" data-settings=\"{&quot;background_background&quot;:&quot;classic&quot;}\">\n\t\t\t\t\t\t<div class=\"elementor-container elementor-column-gap-default\">\n\t\t\t\t\t<div class=\"elementor-column elementor-col-50 elementor-inner-column elementor-element elementor-element-17f4edc\" data-id=\"17f4edc\" data-element_type=\"column\">\n\t\t\t<div class=\"elementor-widget-wrap elementor-element-populated\">\n\t\t\t\t\t\t\t\t<div class=\"elementor-element elementor-element-95b3f59 elementor-widget elementor-widget-image\" data-id=\"95b3f59\" data-element_type=\"widget\" data-widget_type=\"image.default\">\n\t\t\t\t<div class=\"elementor-widget-container\">\n\t\t\t\t\t\t\t\t\t\t\t\t\t\t\t<img src=\"http:\/\/ciclasustentable.com.ar\/wp-content\/uploads\/2021\/10\/Juanpe.jpg\" title=\"\" alt=\"\" \/>\t\t\t\t\t\t\t\t\t\t\t\t\t\t\t<\/div>\n\t\t\t\t<\/div>\n\t\t\t\t\t<\/div>\n\t\t<\/div>\n\t\t\t\t<div class=\"elementor-column elementor-col-50 elementor-inner-column elementor-element elementor-element-2dd6455\" data-id=\"2dd6455\" data-element_type=\"column\">\n\t\t\t<div class=\"elementor-widget-wrap elementor-element-populated\">\n\t\t\t\t\t\t\t\t<div class=\"elementor-element elementor-element-9daf044 elementor-widget__width-initial elementor-widget-mobile__width-initial elementor-widget elementor-widget-heading\" data-id=\"9daf044\" data-element_type=\"widget\" data-widget_type=\"heading.default\">\n\t\t\t\t<div class=\"elementor-widget-container\">\n\t\t\t<h2 class=\"elementor-heading-title elementor-size-default\">Juan Pedro Cano\n<\/h2>\t\t<\/div>\n\t\t\t\t<\/div>\n\t\t\t\t<div class=\"elementor-element elementor-element-c329cee elementor-widget__width-initial elementor-widget-mobile__width-initial elementor-view-default elementor-widget elementor-widget-icon\" data-id=\"c329cee\" data-element_type=\"widget\" data-widget_type=\"icon.default\">\n\t\t\t\t<div class=\"elementor-widget-container\">\n\t\t\t\t\t<div class=\"elementor-icon-wrapper\">\n\t\t\t<a class=\"elementor-icon\" href=\"http:\/\/linkedin.com\/in\/juan-pedro-cano-b8a81a42\">\n\t\t\t<i aria-hidden=\"true\" class=\"fab fa-linkedin-in\"><\/i>\t\t\t<\/a>\n\t\t<\/div>\n\t\t\t\t<\/div>\n\t\t\t\t<\/div>\n\t\t\t\t<div class=\"elementor-element elementor-element-26ead4f elementor-widget elementor-widget-text-editor\" data-id=\"26ead4f\" data-element_type=\"widget\" data-widget_type=\"text-editor.default\">\n\t\t\t\t<div class=\"elementor-widget-container\">\n\t\t\t\t\t\t\t<p>Abogado (Universidad de Buenos Aires). Especialista en gesti\u00f3n ambiental para pa\u00edses emergentes y en v\u00edas de desarrollo (Technische Universit\u00e4t Dresden). Maestrando en Planificaci\u00f3n y Evaluaci\u00f3n de Pol\u00edticas P\u00fablicas (Universidad Nacional de General San Mart\u00edn).Cuenta con 12 a\u00f1os de experiencia en derecho, gesti\u00f3n y pol\u00edtica ambiental. Consultor para organismos internacionales como el Banco Mundial y el Programa de las Naciones Unidas para el Desarrollo (PNUD). Fue Director Nacional de Bosques, Ordenamiento Territorial y Suelos del Ministerio de Ambiente y Desarrollo Sustentable de Argentina, donde, entre otros, coordin\u00f3 el dise\u00f1o e implementaci\u00f3n del Plan Nacional de Restauraci\u00f3n de Bosques Nativos de Argentina con m\u00e1s de 35.000 hect\u00e1reas de bosques bajo restauraci\u00f3n y 4 millones de \u00e1rboles plantados. All\u00ed tambi\u00e9n coordin\u00f3 la elaboraci\u00f3n del Plan de Acci\u00f3n Nacional de Bosques y Cambio Clim\u00e1tico de Argentina. Previamente fue especialista ambiental para la Oficina de Banco Mundial para Argentina, Uruguay y Paraguay para proyectos de gesti\u00f3n integral y saneamiento ambiental de cuencas h\u00eddricas, gesti\u00f3n integral de residuos s\u00f3lidos urbanos y desarrollo industrial sustentable. Asimismo, fue consultor para organizaciones de la sociedad civil, como Fundaci\u00f3n Ambiente y Recursos Naturales (FARN) y Fundaci\u00f3n Vida Silvestre Argentina (WWF Argentina). <\/p>\t\t\t\t\t\t<\/div>\n\t\t\t\t<\/div>\n\t\t\t\t\t<\/div>\n\t\t<\/div>\n\t\t\t\t\t\t\t<\/div>\n\t\t<\/section>\n\t\t\t\t\t<\/div>\n\t\t<\/div>\n\t\t\t\t\t\t\t<\/div>\n\t\t<\/section>\n\t\t\t\t\t\t<\/div>\n\t\t\t\t\t<\/div>\n\t\t","protected":false},"excerpt":{"rendered":"<p>Juan Pedro Cano Abogado (Universidad de Buenos Aires). Especialista en gesti\u00f3n ambiental para pa\u00edses emergentes y en v\u00edas de desarrollo (Technische Universit\u00e4t Dresden). Maestrando en Planificaci\u00f3n y Evaluaci\u00f3n de Pol\u00edticas P\u00fablicas (Universidad Nacional de General San Mart\u00edn).Cuenta con 12 a\u00f1os de experiencia en derecho, gesti\u00f3n y pol\u00edtica ambiental. Consultor para organismos internacionales como el Banco &hellip;<\/p>\n<p class=\"read-more\"> <a class=\"\" href=\"https:\/\/ciclasustentable.com.ar\/en-en\/juan-pedro-cano\/\"> <span class=\"screen-reader-text\">Juan Pedro Cano<\/span> Leer m\u00e1s &raquo;<\/a><\/p>\n","protected":false},"author":4,"featured_media":0,"parent":0,"menu_order":0,"comment_status":"closed","ping_status":"closed","template":"","meta":[],"_links":{"self":[{"href":"https:\/\/ciclasustentable.com.ar\/en-en\/wp-json\/wp\/v2\/pages\/583"}],"collection":[{"href":"https:\/\/ciclasustentable.com.ar\/en-en\/wp-json\/wp\/v2\/pages"}],"about":[{"href":"https:\/\/ciclasustentable.com.ar\/en-en\/wp-json\/wp\/v2\/types\/page"}],"author":[{"embeddable":true,"href":"https:\/\/ciclasustentable.com.ar\/en-en\/wp-json\/wp\/v2\/users\/4"}],"replies":[{"embeddable":true,"href":"https:\/\/ciclasustentable.com.ar\/en-en\/wp-json\/wp\/v2\/comments?post=583"}],"version-history":[{"count":0,"href":"https:\/\/ciclasustentable.com.ar\/en-en\/wp-json\/wp\/v2\/pages\/583\/revisions"}],"wp:attachment":[{"href":"https:\/\/ciclasustentable.com.ar\/en-en\/wp-json\/wp\/v2\/media?parent=583"}],"curies":[{"name":"wp","href":"https:\/\/api.w.org\/{rel}","templated":true}]}}