{"id":584,"date":"2021-10-26T00:29:46","date_gmt":"2021-10-26T00:29:46","guid":{"rendered":"http:\/\/ciclasustentable.com.ar\/?page_id=584"},"modified":"2021-10-26T00:29:46","modified_gmt":"2021-10-26T00:29:46","slug":"carlos-gentile","status":"publish","type":"page","link":"https:\/\/ciclasustentable.com.ar\/en-en\/carlos-gentile\/","title":{"rendered":"Carlos Gentile"},"content":{"rendered":"\t\t<div data-elementor-type=\"wp-page\" data-elementor-id=\"584\" class=\"elementor elementor-584\" data-elementor-settings=\"[]\">\n\t\t\t\t\t\t\t<div class=\"elementor-section-wrap\">\n\t\t\t\t\t\t\t<section class=\"elementor-section elementor-top-section elementor-element elementor-element-5b55126 elementor-section-full_width elementor-section-height-default elementor-section-height-default\" data-id=\"5b55126\" data-element_type=\"section\" data-settings=\"{&quot;background_background&quot;:&quot;classic&quot;}\">\n\t\t\t\t\t\t<div class=\"elementor-container elementor-column-gap-default\">\n\t\t\t\t\t<div class=\"elementor-column elementor-col-100 elementor-top-column elementor-element elementor-element-6b616ba\" data-id=\"6b616ba\" data-element_type=\"column\">\n\t\t\t<div class=\"elementor-widget-wrap elementor-element-populated\">\n\t\t\t\t\t\t\t\t<section class=\"elementor-section elementor-inner-section elementor-element elementor-element-db992f3 anchor elementor-section-boxed elementor-section-height-default elementor-section-height-default\" data-id=\"db992f3\" data-element_type=\"section\" id=\"Carlos\" data-settings=\"{&quot;background_background&quot;:&quot;classic&quot;}\">\n\t\t\t\t\t\t<div class=\"elementor-container elementor-column-gap-default\">\n\t\t\t\t\t<div class=\"elementor-column elementor-col-50 elementor-inner-column elementor-element elementor-element-08407bb\" data-id=\"08407bb\" data-element_type=\"column\">\n\t\t\t<div class=\"elementor-widget-wrap elementor-element-populated\">\n\t\t\t\t\t\t\t\t<div class=\"elementor-element elementor-element-10164fd elementor-widget elementor-widget-image\" data-id=\"10164fd\" data-element_type=\"widget\" data-widget_type=\"image.default\">\n\t\t\t\t<div class=\"elementor-widget-container\">\n\t\t\t\t\t\t\t\t\t\t\t\t\t\t\t<img src=\"http:\/\/ciclasustentable.com.ar\/wp-content\/uploads\/2021\/10\/Charly.jpg\" title=\"\" alt=\"\" \/>\t\t\t\t\t\t\t\t\t\t\t\t\t\t\t<\/div>\n\t\t\t\t<\/div>\n\t\t\t\t\t<\/div>\n\t\t<\/div>\n\t\t\t\t<div class=\"elementor-column elementor-col-50 elementor-inner-column elementor-element elementor-element-0e65d62\" data-id=\"0e65d62\" data-element_type=\"column\">\n\t\t\t<div class=\"elementor-widget-wrap elementor-element-populated\">\n\t\t\t\t\t\t\t\t<div class=\"elementor-element elementor-element-54a5c69 elementor-widget__width-initial elementor-widget-mobile__width-initial elementor-widget elementor-widget-heading\" data-id=\"54a5c69\" data-element_type=\"widget\" data-widget_type=\"heading.default\">\n\t\t\t\t<div class=\"elementor-widget-container\">\n\t\t\t<h2 class=\"elementor-heading-title elementor-size-default\">Carlos Gentile<\/h2>\t\t<\/div>\n\t\t\t\t<\/div>\n\t\t\t\t<div class=\"elementor-element elementor-element-53de081 elementor-widget__width-initial elementor-widget-mobile__width-initial elementor-view-default elementor-widget elementor-widget-icon\" data-id=\"53de081\" data-element_type=\"widget\" data-widget_type=\"icon.default\">\n\t\t\t\t<div class=\"elementor-widget-container\">\n\t\t\t\t\t<div class=\"elementor-icon-wrapper\">\n\t\t\t<a class=\"elementor-icon\" href=\"http:\/\/linkedin.com\/in\/carlos-bruno-gentile-15195348\">\n\t\t\t<i aria-hidden=\"true\" class=\"fab fa-linkedin-in\"><\/i>\t\t\t<\/a>\n\t\t<\/div>\n\t\t\t\t<\/div>\n\t\t\t\t<\/div>\n\t\t\t\t<div class=\"elementor-element elementor-element-03b5220 elementor-widget elementor-widget-text-editor\" data-id=\"03b5220\" data-element_type=\"widget\" data-widget_type=\"text-editor.default\">\n\t\t\t\t<div class=\"elementor-widget-container\">\n\t\t\t\t\t\t\t<p>Ing. Agr\u00f3nomo (UBA). Posgrado en Pol\u00edticas P\u00fablicas y Democracia (LSE &#8211; London School of Economics, Reino Unido). Cuenta con 27 a\u00f1os de experiencia en el Poder Legislativo, Poder Ejecutivo, \u00e1mbito privado y sociedad civil. Consultor internacional en Cambio Clim\u00e1tico y Desarrollo Sustentable.<br \/>Fue Secretario de Cambio Clim\u00e1tico y Desarrollo Sustentable de la Naci\u00f3n (2015-2019). Cre\u00f3 y coordin\u00f3 el Gabinete Nacional de Cambio Clim\u00e1tico y fue Chair del Grupo de Sustentabilidad Clim\u00e1tica del G-20 bajo la Presidencia Argentina y del Board global del Marco Decenal para la Producci\u00f3n y el Consumo Sustentable. Cre\u00f3 y coordin\u00f3 el Programa \u201cEscuelas Verdes\u201d de Educaci\u00f3n Ambiental en el Ministerio de Educaci\u00f3n de CABA y coordin\u00f3 el \u00e1rea de Energ\u00edas Renovables de la Fundaci\u00f3n Pensar. <br \/>Integr\u00f3 el \u00e1rea de \u201cDesarrollo Sustentable Transversal\u201d del Ministerio de Ambiente y Agricultura del Reino Unido (Defra).Fue consultor de la Fundaci\u00f3n Argentina de Bienestar Animal <br \/>Fue Jefe de la Comisi\u00f3n de Agricultura y Ganader\u00eda y asesor en diversas comisiones en la C\u00e1mara de Diputados durante m\u00e1s de 20 a\u00f1os y en la actualidad en el Senado de la Naci\u00f3n. <\/p>\t\t\t\t\t\t<\/div>\n\t\t\t\t<\/div>\n\t\t\t\t\t<\/div>\n\t\t<\/div>\n\t\t\t\t\t\t\t<\/div>\n\t\t<\/section>\n\t\t\t\t\t<\/div>\n\t\t<\/div>\n\t\t\t\t\t\t\t<\/div>\n\t\t<\/section>\n\t\t\t\t\t\t<\/div>\n\t\t\t\t\t<\/div>\n\t\t","protected":false},"excerpt":{"rendered":"<p>Carlos Gentile Ing. Agr\u00f3nomo (UBA). Posgrado en Pol\u00edticas P\u00fablicas y Democracia (LSE &#8211; London School of Economics, Reino Unido). Cuenta con 27 a\u00f1os de experiencia en el Poder Legislativo, Poder Ejecutivo, \u00e1mbito privado y sociedad civil. Consultor internacional en Cambio Clim\u00e1tico y Desarrollo Sustentable. Fue Secretario de Cambio Clim\u00e1tico y Desarrollo Sustentable de la Naci\u00f3n &hellip;<\/p>\n<p class=\"read-more\"> <a class=\"\" href=\"https:\/\/ciclasustentable.com.ar\/en-en\/carlos-gentile\/\"> <span class=\"screen-reader-text\">Carlos Gentile<\/span> Leer m\u00e1s &raquo;<\/a><\/p>\n","protected":false},"author":4,"featured_media":0,"parent":0,"menu_order":0,"comment_status":"closed","ping_status":"closed","template":"","meta":[],"_links":{"self":[{"href":"https:\/\/ciclasustentable.com.ar\/en-en\/wp-json\/wp\/v2\/pages\/584"}],"collection":[{"href":"https:\/\/ciclasustentable.com.ar\/en-en\/wp-json\/wp\/v2\/pages"}],"about":[{"href":"https:\/\/ciclasustentable.com.ar\/en-en\/wp-json\/wp\/v2\/types\/page"}],"author":[{"embeddable":true,"href":"https:\/\/ciclasustentable.com.ar\/en-en\/wp-json\/wp\/v2\/users\/4"}],"replies":[{"embeddable":true,"href":"https:\/\/ciclasustentable.com.ar\/en-en\/wp-json\/wp\/v2\/comments?post=584"}],"version-history":[{"count":0,"href":"https:\/\/ciclasustentable.com.ar\/en-en\/wp-json\/wp\/v2\/pages\/584\/revisions"}],"wp:attachment":[{"href":"https:\/\/ciclasustentable.com.ar\/en-en\/wp-json\/wp\/v2\/media?parent=584"}],"curies":[{"name":"wp","href":"https:\/\/api.w.org\/{rel}","templated":true}]}}