{"id":585,"date":"2021-10-26T00:29:14","date_gmt":"2021-10-26T00:29:14","guid":{"rendered":"http:\/\/ciclasustentable.com.ar\/?page_id=585"},"modified":"2021-10-26T00:29:14","modified_gmt":"2021-10-26T00:29:14","slug":"diego-moreno","status":"publish","type":"page","link":"https:\/\/ciclasustentable.com.ar\/en-en\/diego-moreno\/","title":{"rendered":"Diego Moreno"},"content":{"rendered":"\t\t<div data-elementor-type=\"wp-page\" data-elementor-id=\"585\" class=\"elementor elementor-585\" data-elementor-settings=\"[]\">\n\t\t\t\t\t\t\t<div class=\"elementor-section-wrap\">\n\t\t\t\t\t\t\t<section class=\"elementor-section elementor-top-section elementor-element elementor-element-5b55126 elementor-section-full_width elementor-section-height-default elementor-section-height-default\" data-id=\"5b55126\" data-element_type=\"section\" data-settings=\"{&quot;background_background&quot;:&quot;classic&quot;}\">\n\t\t\t\t\t\t<div class=\"elementor-container elementor-column-gap-default\">\n\t\t\t\t\t<div class=\"elementor-column elementor-col-100 elementor-top-column elementor-element elementor-element-6b616ba\" data-id=\"6b616ba\" data-element_type=\"column\">\n\t\t\t<div class=\"elementor-widget-wrap elementor-element-populated\">\n\t\t\t\t\t\t\t\t<section class=\"elementor-section elementor-inner-section elementor-element elementor-element-fef1593 anchor elementor-section-boxed elementor-section-height-default elementor-section-height-default\" data-id=\"fef1593\" data-element_type=\"section\" id=\"DiegoMoreno\" data-settings=\"{&quot;background_background&quot;:&quot;classic&quot;}\">\n\t\t\t\t\t\t<div class=\"elementor-container elementor-column-gap-default\">\n\t\t\t\t\t<div class=\"elementor-column elementor-col-50 elementor-inner-column elementor-element elementor-element-e4c984b\" data-id=\"e4c984b\" data-element_type=\"column\">\n\t\t\t<div class=\"elementor-widget-wrap elementor-element-populated\">\n\t\t\t\t\t\t\t\t<div class=\"elementor-element elementor-element-e081fea elementor-widget elementor-widget-image\" data-id=\"e081fea\" data-element_type=\"widget\" data-widget_type=\"image.default\">\n\t\t\t\t<div class=\"elementor-widget-container\">\n\t\t\t\t\t\t\t\t\t\t\t\t\t\t\t<img src=\"http:\/\/ciclasustentable.com.ar\/wp-content\/uploads\/2021\/10\/Foto-Diego-2-scaled.jpg\" title=\"\" alt=\"\" \/>\t\t\t\t\t\t\t\t\t\t\t\t\t\t\t<\/div>\n\t\t\t\t<\/div>\n\t\t\t\t\t<\/div>\n\t\t<\/div>\n\t\t\t\t<div class=\"elementor-column elementor-col-50 elementor-inner-column elementor-element elementor-element-56f6a69\" data-id=\"56f6a69\" data-element_type=\"column\">\n\t\t\t<div class=\"elementor-widget-wrap elementor-element-populated\">\n\t\t\t\t\t\t\t\t<div class=\"elementor-element elementor-element-72fdfba elementor-widget__width-initial elementor-widget-mobile__width-initial elementor-widget elementor-widget-heading\" data-id=\"72fdfba\" data-element_type=\"widget\" data-widget_type=\"heading.default\">\n\t\t\t\t<div class=\"elementor-widget-container\">\n\t\t\t<h2 class=\"elementor-heading-title elementor-size-default\">Diego Moreno<\/h2>\t\t<\/div>\n\t\t\t\t<\/div>\n\t\t\t\t<div class=\"elementor-element elementor-element-fe996c0 elementor-widget__width-initial elementor-view-default elementor-widget elementor-widget-icon\" data-id=\"fe996c0\" data-element_type=\"widget\" data-widget_type=\"icon.default\">\n\t\t\t\t<div class=\"elementor-widget-container\">\n\t\t\t\t\t<div class=\"elementor-icon-wrapper\">\n\t\t\t<a class=\"elementor-icon\" href=\"http:\/\/linkedin.com\/in\/diego-moreno-370bb923\">\n\t\t\t<i aria-hidden=\"true\" class=\"fab fa-linkedin-in\"><\/i>\t\t\t<\/a>\n\t\t<\/div>\n\t\t\t\t<\/div>\n\t\t\t\t<\/div>\n\t\t\t\t<div class=\"elementor-element elementor-element-5d4c259 elementor-widget elementor-widget-text-editor\" data-id=\"5d4c259\" data-element_type=\"widget\" data-widget_type=\"text-editor.default\">\n\t\t\t\t<div class=\"elementor-widget-container\">\n\t\t\t\t\t\t\t<p>Lic. en Ciencias Biol\u00f3gicas (UBA). Especialista en manejo y conservaci\u00f3n de recursos naturales y pol\u00edtica ambiental. M\u00e1s de 25 a\u00f1os de experiencia en la tem\u00e1tica de ambiente y desarrollo sustentable, desde la gesti\u00f3n p\u00fablica (poder ejecutivo) y de la sociedad civil.<\/p><p>Consultor en pol\u00edtica ambiental, recursos naturales y planificaci\u00f3n estrat\u00e9gica para el desarrollo sustentable. Fue Secretario de Pol\u00edtica Ambiental en Recursos Naturales de la Naci\u00f3n (2015-2019), a cargo de la instrumentaci\u00f3n de las pol\u00edticas nacionales en Biodiversidad, Bosques, Suelos, Ordenamiento Territorial, Informaci\u00f3n y estad\u00edsticas ambientales y Ecosistemas Acu\u00e1ticos.<\/p><p>Fue Director General de la Fundaci\u00f3n Vida Silvestre Argentina, asociado a WWF en Argentina (2008-2015). Lider\u00f3 proyectos de creaci\u00f3n de \u00e1reas protegidas p\u00fablicas y privadas, y de uso sustentable de recursos naturales en todo el pa\u00eds.<\/p>\t\t\t\t\t\t<\/div>\n\t\t\t\t<\/div>\n\t\t\t\t\t<\/div>\n\t\t<\/div>\n\t\t\t\t\t\t\t<\/div>\n\t\t<\/section>\n\t\t\t\t\t<\/div>\n\t\t<\/div>\n\t\t\t\t\t\t\t<\/div>\n\t\t<\/section>\n\t\t\t\t\t\t<\/div>\n\t\t\t\t\t<\/div>\n\t\t","protected":false},"excerpt":{"rendered":"<p>Diego Moreno Lic. en Ciencias Biol\u00f3gicas (UBA). Especialista en manejo y conservaci\u00f3n de recursos naturales y pol\u00edtica ambiental. M\u00e1s de 25 a\u00f1os de experiencia en la tem\u00e1tica de ambiente y desarrollo sustentable, desde la gesti\u00f3n p\u00fablica (poder ejecutivo) y de la sociedad civil. Consultor en pol\u00edtica ambiental, recursos naturales y planificaci\u00f3n estrat\u00e9gica para el desarrollo &hellip;<\/p>\n<p class=\"read-more\"> <a class=\"\" href=\"https:\/\/ciclasustentable.com.ar\/en-en\/diego-moreno\/\"> <span class=\"screen-reader-text\">Diego Moreno<\/span> Leer m\u00e1s &raquo;<\/a><\/p>\n","protected":false},"author":4,"featured_media":0,"parent":0,"menu_order":0,"comment_status":"closed","ping_status":"closed","template":"","meta":[],"_links":{"self":[{"href":"https:\/\/ciclasustentable.com.ar\/en-en\/wp-json\/wp\/v2\/pages\/585"}],"collection":[{"href":"https:\/\/ciclasustentable.com.ar\/en-en\/wp-json\/wp\/v2\/pages"}],"about":[{"href":"https:\/\/ciclasustentable.com.ar\/en-en\/wp-json\/wp\/v2\/types\/page"}],"author":[{"embeddable":true,"href":"https:\/\/ciclasustentable.com.ar\/en-en\/wp-json\/wp\/v2\/users\/4"}],"replies":[{"embeddable":true,"href":"https:\/\/ciclasustentable.com.ar\/en-en\/wp-json\/wp\/v2\/comments?post=585"}],"version-history":[{"count":0,"href":"https:\/\/ciclasustentable.com.ar\/en-en\/wp-json\/wp\/v2\/pages\/585\/revisions"}],"wp:attachment":[{"href":"https:\/\/ciclasustentable.com.ar\/en-en\/wp-json\/wp\/v2\/media?parent=585"}],"curies":[{"name":"wp","href":"https:\/\/api.w.org\/{rel}","templated":true}]}}